{"id":816,"date":"2016-07-10T10:29:11","date_gmt":"2016-07-10T08:29:11","guid":{"rendered":"http:\/\/www.naghmeh-pascual.com\/?page_id=816"},"modified":"2025-06-29T10:32:42","modified_gmt":"2025-06-29T14:32:42","slug":"about","status":"publish","type":"page","link":"https:\/\/www.nag-artist.com\/fr\/about\/","title":{"rendered":"Bio"},"content":{"rendered":"<div class=\"wp-block-group\"><div class=\"wp-block-group__inner-container\">\n<div class=\"wp-block-columns\">\n<div class=\"wp-block-column\" style=\"flex-basis:100%\">\n<div class=\"wp-block-group\"><div class=\"wp-block-group__inner-container\">\n<div class=\"wp-block-columns\">\n<div class=\"wp-block-column is-vertically-aligned-top\" style=\"flex-basis:100%\">\n<div class=\"wp-block-image is-style-rounded\"><figure class=\"aligncenter size-large is-resized\"><img loading=\"lazy\" src=\"https:\/\/www.nag-artist.com\/wp-content\/uploads\/2023\/07\/IMG_9287-1024x768.jpg\" alt=\"\" class=\"wp-image-3078\" width=\"359\" height=\"269\" srcset=\"https:\/\/www.nag-artist.com\/wp-content\/uploads\/2023\/07\/IMG_9287-1024x768.jpg 1024w, https:\/\/www.nag-artist.com\/wp-content\/uploads\/2023\/07\/IMG_9287-300x225.jpg 300w, https:\/\/www.nag-artist.com\/wp-content\/uploads\/2023\/07\/IMG_9287-1536x1152.jpg 1536w, https:\/\/www.nag-artist.com\/wp-content\/uploads\/2023\/07\/IMG_9287-2048x1536.jpg 2048w, https:\/\/www.nag-artist.com\/wp-content\/uploads\/2023\/07\/IMG_9287-16x12.jpg 16w, https:\/\/www.nag-artist.com\/wp-content\/uploads\/2023\/07\/IMG_9287-600x450.jpg 600w, https:\/\/www.nag-artist.com\/wp-content\/uploads\/2023\/07\/IMG_9287-940x705.jpg 940w\" sizes=\"(max-width: 359px) 100vw, 359px\" \/><\/figure><\/div>\n<\/div>\n<\/div>\n<\/div><\/div>\n<\/div>\n<\/div>\n<\/div><\/div>\n\n\n<p>Naghmeh Ghasemzadeh, aka NAG, is a Toronto-based multi-disciplinary French and Canadian artist born in Iran.<\/p>\n<p>After leaving Iran, she studied Visual Arts and New Media at the Universit\u00e9 de Paris 8, France and later completed a MA from the Universit\u00e9 du Qu\u00e9bec \u00e0 Chicoutimi, Canada. Since then, she has developed her artistic practice and has participated in numerous group exhibitions from 2009 to 2017 in France. In 2018, following a 6-month residency, she had a solo exhibition in France, showcasing works of installation, video projection, sound, mixed media and photography. After moving to Canada, in 2019 she exhibited as part of the Artists In The Library program at Toronto Public Library North York, in 2022 she designed a community engaged mural project for the York Region Arts Council and in 2023 she showcased her artwork at the Remote Gallery in Toronto.<\/p>\n<p>Dans son travail, elle examine sa propre histoire d\u2019immigration, d\u2019assimilation culturelle et de d\u00e9racinement. Ces id\u00e9es recoupent les notions de droit des femmes, d\u2019\u00e9galit\u00e9 des sexes et de r\u00e9silience. Elle exprime ces sujets \u00e0 travers des mat\u00e9riaux et des r\u00e9cits fragment\u00e9s comme pour trouver un lien imaginaire entre les \u00e9v\u00e9nements, les \u00eatres, les objets et les destins, en assemblant des mat\u00e9riaux qui ne cohabitent g\u00e9n\u00e9ralement pas. Elle questionne la consommation fr\u00e9n\u00e9tique, l\u2019accumulation et la raison d'\u00eatre en donnant une nouvelle vie \u00e0 des choses d\u00e9pass\u00e9es et hors d\u2019usage. Les dessins et les mati\u00e8res organiques, les d\u00e9chets m\u00e9dicaux ou industriels sont assembl\u00e9s dans des techniques mixtes et des installations, cr\u00e9ant d\u2019\u00e9tranges organismes vivants miroir de sa qu\u00eate pour trouver un lieu et une communaut\u00e9 auxquels elle appartiendra enfin.<\/p>\n<p>Ses installations vid\u00e9o et sonores contribuent \u00e9galement \u00e0 ces r\u00e9cits, mettant en valeur la notion de r\u00e9silience physique et psychologique \u00e0 travers la juxtaposition, l\u2019animation, les boucles, la superposition et les effets visuels.<\/p>\n<p>&nbsp;<\/p>\n<p style=\"text-align: left;\">&nbsp;<\/p>\n<p style=\"text-align: left;\">&nbsp;<\/p>\n<p>&nbsp;<\/p>\n<p>&nbsp;<\/p>","protected":false},"excerpt":{"rendered":"<p>Naghmeh Ghasemzadeh, aka NAG, is a Toronto-based multi-disciplinary French and Canadian artist born in Iran. After leaving Iran, she studied Visual Arts and New Media at the Universit\u00e9 de Paris\u2026 <span class=\"read-btn\"><a class=\"read-more\" href=\"https:\/\/www.nag-artist.com\/fr\/about\/\">Read More &rarr;<\/a><\/span><\/p>","protected":false},"author":1,"featured_media":0,"parent":0,"menu_order":0,"comment_status":"closed","ping_status":"closed","template":"","meta":{"ngg_post_thumbnail":0},"_links":{"self":[{"href":"https:\/\/www.nag-artist.com\/fr\/wp-json\/wp\/v2\/pages\/816"}],"collection":[{"href":"https:\/\/www.nag-artist.com\/fr\/wp-json\/wp\/v2\/pages"}],"about":[{"href":"https:\/\/www.nag-artist.com\/fr\/wp-json\/wp\/v2\/types\/page"}],"author":[{"embeddable":true,"href":"https:\/\/www.nag-artist.com\/fr\/wp-json\/wp\/v2\/users\/1"}],"replies":[{"embeddable":true,"href":"https:\/\/www.nag-artist.com\/fr\/wp-json\/wp\/v2\/comments?post=816"}],"version-history":[{"count":42,"href":"https:\/\/www.nag-artist.com\/fr\/wp-json\/wp\/v2\/pages\/816\/revisions"}],"predecessor-version":[{"id":3237,"href":"https:\/\/www.nag-artist.com\/fr\/wp-json\/wp\/v2\/pages\/816\/revisions\/3237"}],"wp:attachment":[{"href":"https:\/\/www.nag-artist.com\/fr\/wp-json\/wp\/v2\/media?parent=816"}],"curies":[{"name":"wp","href":"https:\/\/api.w.org\/{rel}","templated":true}]}}