{"id":166,"date":"2013-12-02T21:06:06","date_gmt":"2013-12-02T20:06:06","guid":{"rendered":"http:\/\/www.naghmeh-pascual.com\/nouveau-site\/?page_id=166"},"modified":"2025-11-03T17:15:09","modified_gmt":"2025-11-03T22:15:09","slug":"cv","status":"publish","type":"page","link":"https:\/\/www.nag-artist.com\/fr\/cv\/","title":{"rendered":"CV"},"content":{"rendered":"<h3>PRIX et RECOMPENCES<\/h3>\n\n\n\n<p><\/p>\n\n\n\n<p><strong>2023 <\/strong>&#8211; <a href=\"https:\/\/www.arts.on.ca\/grants\/general-granting-information\/grant-results\/2023\/january\/exhibition-assistance\" target=\"_blank\" rel=\"noreferrer noopener\" title=\"https:\/\/www.arts.on.ca\/grants\/exhibition-assistancehttps:\/\/www.arts.on.ca\/grants\/general-granting-information\/grant-results\/2023\/january\/exhibition-assistance\">Ontario Arts Council Exhibition Assistance Gr<\/a><a href=\"https:\/\/www.arts.on.ca\/grants\/exhibition-assistance\" target=\"_blank\" rel=\"noreferrer noopener\" title=\"https:\/\/www.arts.on.ca\/grants\/exhibition-assistance\">ant<\/a>, Toronto, Canada<strong><br>2022<\/strong> &#8211; Toronto Arts Foundation\u2019s <a href=\"https:\/\/neighbourhoodartsnetwork.org\/awards\/newcomer-space-award\/pages\/2022-space-award-recipients\" target=\"_blank\" rel=\"noopener\">Newcomer Space Award<\/a>, Toronto, Canada<br><strong>2021<\/strong> &#8211; <a href=\"https:\/\/neighbourhoodartsnetwork.org\/awards\/rbc-recipients\/2021-rbc-newcomer-arts-award-recipients\" target=\"_blank\" rel=\"noopener\">RBC Newcomer Arts Award<\/a>, Toronto, Canada<br><strong>2012<\/strong> &#8211; Winner of photography contest \u00ab <a href=\"https:\/\/www.photofvm.com\/\" target=\"_blank\" rel=\"noreferrer noopener\">Faites-nous voir le monde \u00bb<\/a>, Chicoutimi, Canada<\/p>\n\n\n\n<h3>EXHIBITIONS et RESIDENCES<\/h3>\n\n\n\n<p><strong>2023 &#8211;<\/strong> <a href=\"https:\/\/www.akincollective.com\/blog\/2023\/6\/8\/naghmeh-ghasemzadeh-at-remote-gallery\" target=\"_blank\" rel=\"noreferrer noopener\">Solo exhibition<\/a>, <meta charset=\"utf-8\">installation, video, mixed media and drawings, Remote Gallery, Toronto, Canada<br><strong>2022<\/strong> \u2013 Art sur mobilier urbain pour Bell box mural project, Toronto, Canada<br><strong>2022 <\/strong>&#8211; <a href=\"https:\/\/www.experienceyorkregion.com\/public-invited-to-colour-mural-at-sharon-temple-on-canada-day\/\" target=\"_blank\" rel=\"noreferrer noopener\">Community engaged mural<\/a>, York Region Arts Council and Sharon Temple, Sharon, Canada<br><strong>2019<\/strong> &#8211; Solo exhibition, mixed media, North York Central Library, Toronto, Canada<br><strong>2018<\/strong> &#8211; <a href=\"https:\/\/www.ville-guyancourt.fr\/wp-content\/uploads\/2018\/11\/Guyancourt-Magazine-526-26-avril-2018.pdf\" target=\"_blank\" rel=\"noreferrer noopener\">Solo exhibition<\/a>, installation, video and mixed media, Mezzanine de l\u2019H\u00f4tel de Ville<strong>,<\/strong> Guyancourt, France<br><strong>2017 &#8211; 2018 <\/strong>&#8211; Artist in residency, Maison de quartier Th\u00e9odore-Monod, Guyancourt, France<br><strong>2016<\/strong> &#8211; Group exhibition, video, Galerie de la Ferme du Mousseau, \u00c9lancourt, France<br><strong>2016<\/strong> &#8211; Group exhibition, mixed media, Maison de quartier Th\u00e9odore-Monod, Guyancourt, France<br><strong>2016<\/strong> &#8211; Group exhibition, mixed media, Maison de quartier Th\u00e9odore-Monod, Guyancourt, France<br><strong>2015<\/strong> &#8211; Group exhibition, drawing, Maison de quartier Th\u00e9odore-Monod, Guyancourt, France<br><strong>2015<\/strong> &#8211; Group exhibition, photography, Mezzanine de l\u2019H\u00f4tel de Ville<strong>,<\/strong> Guyancourt, France<br><strong>2009 &#8211; 2014<\/strong> &#8211; Annual Group exhibitions with Photoclub de V\u00e9lizy-Villacoublay, photography,<br>Salle d&#8217;exposition Icare, V\u00e9lizy-Villacoublay, France<br><strong>2012<\/strong> &#8211; Group exhibition, photography, L&#8217;Onde Th\u00e9\u00e2tre-Centre d&#8217;art, V\u00e9lizy-Villacoublay, France<br><strong>2012<\/strong> &#8211; Group exhibition, photography, Mezzanine de l\u2019H\u00f4tel de Ville<strong>,<\/strong> Guyancourt, France<br><strong>2012<\/strong> &#8211; Group exhibition and contest, photography, Chicoutimi, Canada<br><strong>2011<\/strong> &#8211; Group exhibition, photography, Mezzanine de l\u2019H\u00f4tel de Ville<strong>,<\/strong> Guyancourt, France<br><strong>2010<\/strong> &#8211; Group exhibition, photography, L&#8217;Onde Th\u00e9\u00e2tre-Centre d&#8217;art, V\u00e9lizy-Villacoublay, France<br><strong>2008<\/strong> &#8211; Group exhibition, La Galerie l&#8217;\u0152uvre de l&#8217;Autre, Chicoutimi, Canada<br><strong>2007<\/strong> &#8211; Group exhibition, La Galerie l&#8217;\u0152uvre de l&#8217;Autre, Chicoutimi, Canada<br><strong>2003<\/strong> &#8211; Group exhibition, photography, Tehran, Iran<br><strong>1999<\/strong> &#8211; Group exhibition, plaster moulds, Tehran, Iran<\/p>\n\n\n\n<h3>FORMATION<\/h3>\n\n\n\n<p><strong>2011<\/strong> &#8211; Master of Arts, Universit\u00e9 du Qu\u00e9bec \u00e0 Chicoutimi, Canada<br><strong>2007<\/strong> &#8211; First year of Master\u2019s degree in Contemporary art and new medias, Universit\u00e9 Paris 8, France<br><strong>2006<\/strong> &#8211; B.A. Visual Arts, Universit\u00e9 Paris 8, France<br><strong>2000<\/strong> &#8211; B.Sc. Electrical Engineering, University of Science and Technology, Tehran, Iran<\/p>","protected":false},"excerpt":{"rendered":"<p>PRIZES and AWARDS 2023 &#8211; Ontario Arts Council Exhibition Assistance Grant, Toronto, Canada2022 &#8211; Toronto Arts Foundation\u2019s Newcomer Space Award, Toronto, Canada2021 &#8211; RBC Newcomer Arts Award, Toronto, Canada2012 &#8211;\u2026 <span class=\"read-btn\"><a class=\"read-more\" href=\"https:\/\/www.nag-artist.com\/fr\/cv\/\">Read More &rarr;<\/a><\/span><\/p>","protected":false},"author":1,"featured_media":0,"parent":0,"menu_order":0,"comment_status":"closed","ping_status":"closed","template":"","meta":{"ngg_post_thumbnail":0},"_links":{"self":[{"href":"https:\/\/www.nag-artist.com\/fr\/wp-json\/wp\/v2\/pages\/166"}],"collection":[{"href":"https:\/\/www.nag-artist.com\/fr\/wp-json\/wp\/v2\/pages"}],"about":[{"href":"https:\/\/www.nag-artist.com\/fr\/wp-json\/wp\/v2\/types\/page"}],"author":[{"embeddable":true,"href":"https:\/\/www.nag-artist.com\/fr\/wp-json\/wp\/v2\/users\/1"}],"replies":[{"embeddable":true,"href":"https:\/\/www.nag-artist.com\/fr\/wp-json\/wp\/v2\/comments?post=166"}],"version-history":[{"count":83,"href":"https:\/\/www.nag-artist.com\/fr\/wp-json\/wp\/v2\/pages\/166\/revisions"}],"predecessor-version":[{"id":3379,"href":"https:\/\/www.nag-artist.com\/fr\/wp-json\/wp\/v2\/pages\/166\/revisions\/3379"}],"wp:attachment":[{"href":"https:\/\/www.nag-artist.com\/fr\/wp-json\/wp\/v2\/media?parent=166"}],"curies":[{"name":"wp","href":"https:\/\/api.w.org\/{rel}","templated":true}]}}